{"id":7,"date":"2024-03-20T10:35:57","date_gmt":"2024-03-20T09:35:57","guid":{"rendered":"https:\/\/prolepsiuceni.cz\/2023\/?page_id=7"},"modified":"2024-08-29T15:25:55","modified_gmt":"2024-08-29T13:25:55","slug":"homepage","status":"publish","type":"page","link":"https:\/\/prolepsiuceni.cz\/2023\/","title":{"rendered":"Homepage"},"content":{"rendered":"\t\t<div data-elementor-type=\"wp-page\" data-elementor-id=\"7\" class=\"elementor elementor-7\">\n\t\t\t\t\t\t<section class=\"elementor-section elementor-top-section elementor-element elementor-element-99e6388 elementor-section-height-min-height elementor-section-full_width elementor-section-height-default elementor-section-items-middle\" data-id=\"99e6388\" data-element_type=\"section\" data-settings=\"{&quot;background_background&quot;:&quot;classic&quot;}\">\n\t\t\t\t\t\t\t<div class=\"elementor-background-overlay\"><\/div>\n\t\t\t\t\t\t\t<div class=\"elementor-container elementor-column-gap-default\">\n\t\t\t\t\t<div class=\"elementor-column elementor-col-100 elementor-top-column elementor-element elementor-element-bd37ca4\" data-id=\"bd37ca4\" data-element_type=\"column\" data-settings=\"{&quot;background_background&quot;:&quot;classic&quot;}\">\n\t\t\t<div class=\"elementor-widget-wrap elementor-element-populated\">\n\t\t\t\t\t\t<div class=\"elementor-element elementor-element-fa15f3b elementor-widget elementor-widget-heading\" data-id=\"fa15f3b\" data-element_type=\"widget\" data-widget_type=\"heading.default\">\n\t\t\t\t<div class=\"elementor-widget-container\">\n\t\t\t<style>\/*! elementor - v3.20.0 - 13-03-2024 *\/\n.elementor-heading-title{padding:0;margin:0;line-height:1}.elementor-widget-heading .elementor-heading-title[class*=elementor-size-]>a{color:inherit;font-size:inherit;line-height:inherit}.elementor-widget-heading .elementor-heading-title.elementor-size-small{font-size:15px}.elementor-widget-heading .elementor-heading-title.elementor-size-medium{font-size:19px}.elementor-widget-heading .elementor-heading-title.elementor-size-large{font-size:29px}.elementor-widget-heading .elementor-heading-title.elementor-size-xl{font-size:39px}.elementor-widget-heading .elementor-heading-title.elementor-size-xxl{font-size:59px}<\/style><h1 class=\"elementor-heading-title elementor-size-large\">Pro lep\u0161\u00ed U\u010den\u00ed 2023 - 2025<\/h1>\t\t<\/div>\n\t\t\t\t<\/div>\n\t\t\t\t<div class=\"elementor-element elementor-element-77acbc6 elementor-widget-divider--view-line elementor-widget elementor-widget-divider\" data-id=\"77acbc6\" data-element_type=\"widget\" data-widget_type=\"divider.default\">\n\t\t\t\t<div class=\"elementor-widget-container\">\n\t\t\t<style>\/*! elementor - v3.20.0 - 13-03-2024 *\/\n.elementor-widget-divider{--divider-border-style:none;--divider-border-width:1px;--divider-color:#0c0d0e;--divider-icon-size:20px;--divider-element-spacing:10px;--divider-pattern-height:24px;--divider-pattern-size:20px;--divider-pattern-url:none;--divider-pattern-repeat:repeat-x}.elementor-widget-divider .elementor-divider{display:flex}.elementor-widget-divider .elementor-divider__text{font-size:15px;line-height:1;max-width:95%}.elementor-widget-divider .elementor-divider__element{margin:0 var(--divider-element-spacing);flex-shrink:0}.elementor-widget-divider .elementor-icon{font-size:var(--divider-icon-size)}.elementor-widget-divider .elementor-divider-separator{display:flex;margin:0;direction:ltr}.elementor-widget-divider--view-line_icon .elementor-divider-separator,.elementor-widget-divider--view-line_text .elementor-divider-separator{align-items:center}.elementor-widget-divider--view-line_icon .elementor-divider-separator:after,.elementor-widget-divider--view-line_icon .elementor-divider-separator:before,.elementor-widget-divider--view-line_text .elementor-divider-separator:after,.elementor-widget-divider--view-line_text .elementor-divider-separator:before{display:block;content:\"\";border-block-end:0;flex-grow:1;border-block-start:var(--divider-border-width) var(--divider-border-style) var(--divider-color)}.elementor-widget-divider--element-align-left .elementor-divider .elementor-divider-separator>.elementor-divider__svg:first-of-type{flex-grow:0;flex-shrink:100}.elementor-widget-divider--element-align-left .elementor-divider-separator:before{content:none}.elementor-widget-divider--element-align-left .elementor-divider__element{margin-left:0}.elementor-widget-divider--element-align-right .elementor-divider .elementor-divider-separator>.elementor-divider__svg:last-of-type{flex-grow:0;flex-shrink:100}.elementor-widget-divider--element-align-right .elementor-divider-separator:after{content:none}.elementor-widget-divider--element-align-right .elementor-divider__element{margin-right:0}.elementor-widget-divider--element-align-start .elementor-divider .elementor-divider-separator>.elementor-divider__svg:first-of-type{flex-grow:0;flex-shrink:100}.elementor-widget-divider--element-align-start .elementor-divider-separator:before{content:none}.elementor-widget-divider--element-align-start .elementor-divider__element{margin-inline-start:0}.elementor-widget-divider--element-align-end .elementor-divider .elementor-divider-separator>.elementor-divider__svg:last-of-type{flex-grow:0;flex-shrink:100}.elementor-widget-divider--element-align-end .elementor-divider-separator:after{content:none}.elementor-widget-divider--element-align-end .elementor-divider__element{margin-inline-end:0}.elementor-widget-divider:not(.elementor-widget-divider--view-line_text):not(.elementor-widget-divider--view-line_icon) .elementor-divider-separator{border-block-start:var(--divider-border-width) var(--divider-border-style) var(--divider-color)}.elementor-widget-divider--separator-type-pattern{--divider-border-style:none}.elementor-widget-divider--separator-type-pattern.elementor-widget-divider--view-line .elementor-divider-separator,.elementor-widget-divider--separator-type-pattern:not(.elementor-widget-divider--view-line) .elementor-divider-separator:after,.elementor-widget-divider--separator-type-pattern:not(.elementor-widget-divider--view-line) .elementor-divider-separator:before,.elementor-widget-divider--separator-type-pattern:not([class*=elementor-widget-divider--view]) .elementor-divider-separator{width:100%;min-height:var(--divider-pattern-height);-webkit-mask-size:var(--divider-pattern-size) 100%;mask-size:var(--divider-pattern-size) 100%;-webkit-mask-repeat:var(--divider-pattern-repeat);mask-repeat:var(--divider-pattern-repeat);background-color:var(--divider-color);-webkit-mask-image:var(--divider-pattern-url);mask-image:var(--divider-pattern-url)}.elementor-widget-divider--no-spacing{--divider-pattern-size:auto}.elementor-widget-divider--bg-round{--divider-pattern-repeat:round}.rtl .elementor-widget-divider .elementor-divider__text{direction:rtl}.e-con-inner>.elementor-widget-divider,.e-con>.elementor-widget-divider{width:var(--container-widget-width,100%);--flex-grow:var(--container-widget-flex-grow)}<\/style>\t\t<div class=\"elementor-divider\">\n\t\t\t<span class=\"elementor-divider-separator\">\n\t\t\t\t\t\t<\/span>\n\t\t<\/div>\n\t\t\t\t<\/div>\n\t\t\t\t<\/div>\n\t\t\t\t<div class=\"elementor-element elementor-element-fa0eace elementor-widget elementor-widget-heading\" data-id=\"fa0eace\" data-element_type=\"widget\" data-widget_type=\"heading.default\">\n\t\t\t\t<div class=\"elementor-widget-container\">\n\t\t\t<h2 class=\"elementor-heading-title elementor-size-medium\">JSME MAP KARVIN\u00c1!<\/h2>\t\t<\/div>\n\t\t\t\t<\/div>\n\t\t\t\t<div class=\"elementor-element elementor-element-ad09984 elementor-widget elementor-widget-heading\" data-id=\"ad09984\" data-element_type=\"widget\" data-widget_type=\"heading.default\">\n\t\t\t\t<div class=\"elementor-widget-container\">\n\t\t\t<h3 class=\"elementor-heading-title elementor-size-medium\">Implementujeme novou vzd\u011bl\u00e1vac\u00ed strategii\npro karvinsk\u00fd region. <\/h3>\t\t<\/div>\n\t\t\t\t<\/div>\n\t\t\t\t\t<\/div>\n\t\t<\/div>\n\t\t\t\t\t<\/div>\n\t\t<\/section>\n\t\t\t\t<section class=\"elementor-section elementor-top-section elementor-element elementor-element-3754e3f elementor-section-boxed elementor-section-height-default elementor-section-height-default\" data-id=\"3754e3f\" data-element_type=\"section\">\n\t\t\t\t\t\t<div class=\"elementor-container elementor-column-gap-default\">\n\t\t\t\t\t<div class=\"elementor-column elementor-col-100 elementor-top-column elementor-element elementor-element-ed94a77\" data-id=\"ed94a77\" data-element_type=\"column\">\n\t\t\t<div class=\"elementor-widget-wrap elementor-element-populated\">\n\t\t\t\t\t\t<div class=\"elementor-element elementor-element-09d7f9a elementor-widget elementor-widget-text-editor\" data-id=\"09d7f9a\" data-element_type=\"widget\" data-widget_type=\"text-editor.default\">\n\t\t\t\t<div class=\"elementor-widget-container\">\n\t\t\t<style>\/*! elementor - v3.20.0 - 13-03-2024 *\/\n.elementor-widget-text-editor.elementor-drop-cap-view-stacked .elementor-drop-cap{background-color:#69727d;color:#fff}.elementor-widget-text-editor.elementor-drop-cap-view-framed .elementor-drop-cap{color:#69727d;border:3px solid;background-color:transparent}.elementor-widget-text-editor:not(.elementor-drop-cap-view-default) .elementor-drop-cap{margin-top:8px}.elementor-widget-text-editor:not(.elementor-drop-cap-view-default) .elementor-drop-cap-letter{width:1em;height:1em}.elementor-widget-text-editor .elementor-drop-cap{float:left;text-align:center;line-height:1;font-size:50px}.elementor-widget-text-editor .elementor-drop-cap-letter{display:inline-block}<\/style>\t\t\t\t<p><b>N\u00e1zev a registra\u010dn\u00ed \u010d\u00edslo projektu<\/b> :\u00a0<span style=\"background-color: var(--nv-site-bg);\">M\u00edstn\u00ed ak\u010dn\u00ed pl\u00e1n rozvoje vzd\u011bl\u00e1v\u00e1n\u00ed v ORP Karvin\u00e1 IV&#8220;,\u00a0<\/span><span style=\"background-color: var(--nv-site-bg); color: var( --e-global-color-text ); font-family: var( --e-global-typography-text-font-family ), Sans-serif; font-weight: var( --e-global-typography-text-font-weight ); font-size: var(--bodyfontsize); letter-spacing: var(--bodyletterspacing); text-transform: var(--bodytexttransform);\">reg. \u010d. CZ.02.02.XX\/00\/23_017\/0008339<\/span><\/p>\t\t\t\t\t\t<\/div>\n\t\t\t\t<\/div>\n\t\t\t\t<div class=\"elementor-element elementor-element-95e8d6e elementor-widget elementor-widget-heading\" data-id=\"95e8d6e\" data-element_type=\"widget\" data-widget_type=\"heading.default\">\n\t\t\t\t<div class=\"elementor-widget-container\">\n\t\t\t<h3 class=\"elementor-heading-title elementor-size-large\">Aktualita<\/h3>\t\t<\/div>\n\t\t\t\t<\/div>\n\t\t\t\t<div class=\"elementor-element elementor-element-8bf58e2 elementor-widget-divider--view-line elementor-widget elementor-widget-divider\" data-id=\"8bf58e2\" data-element_type=\"widget\" data-widget_type=\"divider.default\">\n\t\t\t\t<div class=\"elementor-widget-container\">\n\t\t\t\t\t<div class=\"elementor-divider\">\n\t\t\t<span class=\"elementor-divider-separator\">\n\t\t\t\t\t\t<\/span>\n\t\t<\/div>\n\t\t\t\t<\/div>\n\t\t\t\t<\/div>\n\t\t\t\t<section class=\"elementor-section elementor-inner-section elementor-element elementor-element-9ce99c2 elementor-section-boxed elementor-section-height-default elementor-section-height-default\" data-id=\"9ce99c2\" data-element_type=\"section\">\n\t\t\t\t\t\t<div class=\"elementor-container elementor-column-gap-default\">\n\t\t\t\t\t<div class=\"elementor-column elementor-col-50 elementor-inner-column elementor-element elementor-element-15cc472\" data-id=\"15cc472\" data-element_type=\"column\">\n\t\t\t<div class=\"elementor-widget-wrap elementor-element-populated\">\n\t\t\t\t\t\t<div class=\"elementor-element elementor-element-a89d8e4 elementor-widget__width-initial elementor-widget elementor-widget-image\" data-id=\"a89d8e4\" data-element_type=\"widget\" data-widget_type=\"image.default\">\n\t\t\t\t<div class=\"elementor-widget-container\">\n\t\t\t<style>\/*! elementor - v3.20.0 - 13-03-2024 *\/\n.elementor-widget-image{text-align:center}.elementor-widget-image a{display:inline-block}.elementor-widget-image a img[src$=\".svg\"]{width:48px}.elementor-widget-image img{vertical-align:middle;display:inline-block}<\/style>\t\t\t\t\t\t\t\t\t\t\t<a href=\"http:\/\/prolepsiuceni.cz\/2018\/detidetem\/\">\n\t\t\t\t\t\t\t<img fetchpriority=\"high\" decoding=\"async\" width=\"1024\" height=\"576\" src=\"https:\/\/prolepsiuceni.cz\/2023\/wp-content\/uploads\/2024\/03\/pro-lepsi-uceni-uvod-1024x576.jpg\" class=\"attachment-large size-large wp-image-12\" alt=\"\" srcset=\"https:\/\/prolepsiuceni.cz\/2023\/wp-content\/uploads\/2024\/03\/pro-lepsi-uceni-uvod-1024x576.jpg 1024w, https:\/\/prolepsiuceni.cz\/2023\/wp-content\/uploads\/2024\/03\/pro-lepsi-uceni-uvod-300x169.jpg 300w, https:\/\/prolepsiuceni.cz\/2023\/wp-content\/uploads\/2024\/03\/pro-lepsi-uceni-uvod-768x432.jpg 768w, https:\/\/prolepsiuceni.cz\/2023\/wp-content\/uploads\/2024\/03\/pro-lepsi-uceni-uvod-1536x864.jpg 1536w, https:\/\/prolepsiuceni.cz\/2023\/wp-content\/uploads\/2024\/03\/pro-lepsi-uceni-uvod.jpg 1920w\" sizes=\"(max-width: 1024px) 100vw, 1024px\" \/>\t\t\t\t\t\t\t\t<\/a>\n\t\t\t\t\t\t\t\t\t\t\t\t\t<\/div>\n\t\t\t\t<\/div>\n\t\t\t\t<div class=\"elementor-element elementor-element-a43b143 elementor-widget elementor-widget-heading\" data-id=\"a43b143\" data-element_type=\"widget\" data-widget_type=\"heading.default\">\n\t\t\t\t<div class=\"elementor-widget-container\">\n\t\t\t<h2 class=\"elementor-heading-title elementor-size-default\"><br>Na Karvinsku se op\u011bt \"mapuje\"<\/h2>\t\t<\/div>\n\t\t\t\t<\/div>\n\t\t\t\t<div class=\"elementor-element elementor-element-350a2e7 elementor-widget elementor-widget-text-editor\" data-id=\"350a2e7\" data-element_type=\"widget\" data-widget_type=\"text-editor.default\">\n\t\t\t\t<div class=\"elementor-widget-container\">\n\t\t\t\t\t\t\t<p style=\"text-align: justify;\"><span style=\"background-color: var(--nv-site-bg); color: var( --e-global-color-text ); font-family: var( --e-global-typography-text-font-family ), Sans-serif; font-size: var(--bodyfontsize); font-weight: var( --e-global-typography-text-font-weight ); letter-spacing: var(--bodyletterspacing); text-transform: var(--bodytexttransform);\">Prvn\u00ed ud\u00e1lost\u00ed projektu bylo zased\u00e1n\u00ed \u0159\u00edd\u00edc\u00edho v\u00fdboru dne 29. 2. 2024, kter\u00fd je hlavn\u00edm schvalovac\u00edm org\u00e1nem. Tento \u010d\u00edt\u00e1 23 z\u00e1stupc\u016f z&nbsp;\u0159ad z\u0159izovatel\u016f, \u0161kol a \u0161koln\u00edch dru\u017ein, neform\u00e1ln\u00edch vzd\u011blavatel\u016f, Moravskoslezsk\u00e9ho kraje, \u0161kolsk\u00fdch poradensk\u00fdch pracovi\u0161\u0165, zam\u011bstnavatel\u016f aj. V&nbsp;r\u00e1mci projektu byly tak\u00e9 zah\u00e1jeny ji\u017e konkr\u00e9tn\u00ed aktivity. Od ledna 2024 je v&nbsp;provozu poradensk\u00e9 centrum v&nbsp;budov\u011b karvinsk\u00e9ho Business Gate na ul. Po\u0161tovn\u00ed, kde jsou rodi\u010d\u016fm, d\u011btem a \u0161kol\u00e1m poskytov\u00e1ny odborn\u00e9 konzultace v&nbsp;t\u00e9matu psychohygieny a wellbeingu. D\u00e1le byl zah\u00e1jen kurz neverb\u00e1ln\u00ed komunikace ur\u010den\u00fd rodi\u010d\u016fm a pedagog\u016fm, kte\u0159\u00ed vychov\u00e1vaj\u00ed nebo pracuj\u00ed s&nbsp;d\u011btmi s&nbsp;\u0159e\u010dov\u00fdmi obt\u00ed\u017eemi. Tento prob\u00edh\u00e1 pod z\u00e1\u0161titou M\u0160 Kl\u00ed\u010dek v&nbsp;Karvin\u00e9 \u2013 Hranic\u00edch. Dne 19. 4. 2024 se uskute\u010dn\u00ed ve spolupr\u00e1ci s&nbsp;Mensou \u010cR inspirativn\u00ed workshop se zam\u011b\u0159en\u00edm na pr\u00e1ci s&nbsp;d\u011btmi nadan\u00fdmi. V&nbsp;kv\u011btnu pak prob\u011bhne pro \u0161koly v&nbsp;are\u00e1lu Lodi\u010dek Karvin\u00e1 \u010dten\u00e1\u0159sk\u00fd festival Humbook se zam\u011b\u0159en\u00edm na tzv. young adult literaturu, tedy \u010dten\u00ed pro sou\u010dasnou ml\u00e1de\u017e. T\u00e9to akce se z\u00fa\u010dastn\u00ed na 600 \u017e\u00e1k\u016f z\u00e1kladn\u00edch \u0161kol z&nbsp;2. stupn\u011b. Od dubna byly tak\u00e9 zah\u00e1jeny kluby podnikavosti, kter\u00e9 prob\u00edhaj\u00ed na Z\u0160 Majakovsk\u00e9ho, Z\u0160 s&nbsp;polsk\u00fdm jazykem vyu\u010dovac\u00edm a v&nbsp;prostor\u00e1ch Region\u00e1ln\u00ed knihovny Karvin\u00e1. Pravideln\u00e9 sch\u016fzky v klubu poskytnou \u017e\u00e1k\u016fm mo\u017enost pravideln\u00e9ho setk\u00e1v\u00e1n\u00ed, u\u010den\u00ed se od sebe navz\u00e1jem a budov\u00e1n\u00ed spolupr\u00e1ce. Program bude zam\u011b\u0159en na interaktivn\u00ed a praktick\u00e9 aktivity, kter\u00e9 podpo\u0159\u00ed jejich kreativitu, inova\u010dn\u00ed my\u0161len\u00ed a schopnost samostatn\u00e9ho \u0159e\u0161en\u00ed probl\u00e9m\u016f. V&nbsp;leto\u0161n\u00edm roce je p\u0159ipravena je\u0161t\u011b cel\u00e1 \u0159ada aktivit, o kter\u00fdch V\u00e1s budeme pr\u016fb\u011b\u017en\u011b informovat t\u0159eba na Facebooku MAP ORP Karvin\u00e1.<\/span><\/p>\n<p><\/p>\t\t\t\t\t\t<\/div>\n\t\t\t\t<\/div>\n\t\t\t\t\t<\/div>\n\t\t<\/div>\n\t\t\t\t<div class=\"elementor-column elementor-col-50 elementor-inner-column elementor-element elementor-element-9d51624\" data-id=\"9d51624\" data-element_type=\"column\">\n\t\t\t<div class=\"elementor-widget-wrap elementor-element-populated\">\n\t\t\t\t\t\t<div class=\"elementor-element elementor-element-28bd37a elementor-widget__width-initial elementor-widget elementor-widget-image\" data-id=\"28bd37a\" data-element_type=\"widget\" data-widget_type=\"image.default\">\n\t\t\t\t<div class=\"elementor-widget-container\">\n\t\t\t\t\t\t\t\t\t\t\t\t\t\t<a href=\"http:\/\/prolepsiuceni.cz\/2018\/detidetem\/\">\n\t\t\t\t\t\t\t<img decoding=\"async\" width=\"1024\" height=\"683\" src=\"https:\/\/prolepsiuceni.cz\/2023\/wp-content\/uploads\/2024\/03\/Navrh-bez-nazvu-1024x683.jpg\" class=\"attachment-large size-large wp-image-9\" alt=\"\" srcset=\"https:\/\/prolepsiuceni.cz\/2023\/wp-content\/uploads\/2024\/03\/Navrh-bez-nazvu-1024x683.jpg 1024w, https:\/\/prolepsiuceni.cz\/2023\/wp-content\/uploads\/2024\/03\/Navrh-bez-nazvu-300x200.jpg 300w, https:\/\/prolepsiuceni.cz\/2023\/wp-content\/uploads\/2024\/03\/Navrh-bez-nazvu-768x512.jpg 768w, https:\/\/prolepsiuceni.cz\/2023\/wp-content\/uploads\/2024\/03\/Navrh-bez-nazvu.jpg 1280w\" sizes=\"(max-width: 1024px) 100vw, 1024px\" \/>\t\t\t\t\t\t\t\t<\/a>\n\t\t\t\t\t\t\t\t\t\t\t\t\t<\/div>\n\t\t\t\t<\/div>\n\t\t\t\t<div class=\"elementor-element elementor-element-28dea93 elementor-widget elementor-widget-heading\" data-id=\"28dea93\" data-element_type=\"widget\" data-widget_type=\"heading.default\">\n\t\t\t\t<div class=\"elementor-widget-container\">\n\t\t\t<h2 class=\"elementor-heading-title elementor-size-default\"><br>Podpora \u0161kolstv\u00ed a vzd\u011bl\u00e1v\u00e1n\u00ed na Karvinsku pokra\u010duje<\/h2>\t\t<\/div>\n\t\t\t\t<\/div>\n\t\t\t\t<div class=\"elementor-element elementor-element-c0cdef8 elementor-widget elementor-widget-text-editor\" data-id=\"c0cdef8\" data-element_type=\"widget\" data-widget_type=\"text-editor.default\">\n\t\t\t\t<div class=\"elementor-widget-container\">\n\t\t\t\t\t\t\t<p class=\"-wm-msonormal\" style=\"text-align: justify;\">Na konci roku 2023 z\u00edskalo statut\u00e1rn\u00ed m\u011bsto Karvin\u00e1 dotaci z\u00a0Opera\u010dn\u00edho programu Jan Amos Komensk\u00fd na pokra\u010dov\u00e1n\u00ed projektu M\u00edstn\u00ed ak\u010dn\u00ed pl\u00e1n rozvoje vzd\u011bl\u00e1v\u00e1n\u00ed v\u00a0ORP Karvin\u00e1 (MAP). Projekt podporuje spole\u010dn\u00e9 pl\u00e1nov\u00e1n\u00ed a sd\u00edlen\u00ed aktivit za \u00fa\u010delem zlep\u0161en\u00ed kvality m\u00edstn\u00edho vzd\u011bl\u00e1v\u00e1n\u00ed ve \u0161kol\u00e1ch, ale i u neform\u00e1ln\u00edch vzd\u011blavatel\u016f. MAP je prioritn\u011b zam\u011b\u0159en na rozvoj kvalitn\u00edho inkluzivn\u00edho vzd\u011bl\u00e1v\u00e1n\u00ed d\u011bt\u00ed a \u017e\u00e1k\u016f, na rozvoj jejich kompetenc\u00ed pro osobn\u00ed i pracovn\u00ed \u017eivot. Na\u0161\u00edm c\u00edlem je tak\u00e9 podpo\u0159it v\u011bt\u0161\u00ed zapojen\u00ed rodi\u010d\u016f do \u017eivota \u0161kol, umo\u017enit spolupr\u00e1ci a v\u00fdm\u011bnu zku\u0161enost\u00ed pedagog\u016f a z\u0159izovatel\u016f. Realizace prob\u00edh\u00e1 na \u00fazem\u00ed statut\u00e1rn\u00edho m\u011bsta Karvin\u00e1 a obc\u00ed Stonava, D\u011btmarovice a Petrovice u Karvin\u00e9.\u00a0<\/p><p class=\"-wm-msonormal\" style=\"text-align: justify;\">Projekt bude realizov\u00e1n v\u00a0obdob\u00ed od 1. 12. 2023 do 31. 12. 2025. Celkov\u00fd rozpo\u010det projektu \u010din\u00ed 6.308.785,- K\u010d.<\/p><p>\u00a0<\/p>\t\t\t\t\t\t<\/div>\n\t\t\t\t<\/div>\n\t\t\t\t\t<\/div>\n\t\t<\/div>\n\t\t\t\t\t<\/div>\n\t\t<\/section>\n\t\t\t\t\t<\/div>\n\t\t<\/div>\n\t\t\t\t\t<\/div>\n\t\t<\/section>\n\t\t\t\t<section class=\"elementor-section elementor-top-section elementor-element elementor-element-95af7f4 elementor-section-full_width elementor-section-height-default elementor-section-height-default\" data-id=\"95af7f4\" data-element_type=\"section\" id=\"udalosti\">\n\t\t\t\t\t\t<div class=\"elementor-container elementor-column-gap-wide\">\n\t\t\t\t\t<div class=\"elementor-column elementor-col-100 elementor-top-column elementor-element elementor-element-194b826\" data-id=\"194b826\" data-element_type=\"column\">\n\t\t\t<div class=\"elementor-widget-wrap\">\n\t\t\t\t\t\t\t<\/div>\n\t\t<\/div>\n\t\t\t\t\t<\/div>\n\t\t<\/section>\n\t\t<div class=\"elementor-element elementor-element-50b5071 e-flex e-con-boxed e-con e-parent\" data-id=\"50b5071\" data-element_type=\"container\" data-core-v316-plus=\"true\">\n\t\t\t\t\t<div class=\"e-con-inner\">\n\t\t<div class=\"elementor-element elementor-element-9994ef9 e-flex e-con-boxed e-con e-child\" data-id=\"9994ef9\" data-element_type=\"container\">\n\t\t\t\t\t<div class=\"e-con-inner\">\n\t\t\t\t<div class=\"elementor-element elementor-element-a1b39b4 elementor-widget elementor-widget-text-editor\" data-id=\"a1b39b4\" data-element_type=\"widget\" data-widget_type=\"text-editor.default\">\n\t\t\t\t<div class=\"elementor-widget-container\">\n\t\t\t\t\t\t\t<p>Kontakt: info@prolepsiuceni.cz<\/p><p>\u00a9 Copyright: prolepsiuceni.cz<\/p>\t\t\t\t\t\t<\/div>\n\t\t\t\t<\/div>\n\t\t\t\t\t<\/div>\n\t\t\t\t<\/div>\n\t\t<div class=\"elementor-element elementor-element-620bb37 e-flex e-con-boxed e-con e-child\" data-id=\"620bb37\" data-element_type=\"container\">\n\t\t\t\t\t<div class=\"e-con-inner\">\n\t\t\t\t<div class=\"elementor-element elementor-element-431e39f elementor-widget elementor-widget-image\" data-id=\"431e39f\" data-element_type=\"widget\" data-widget_type=\"image.default\">\n\t\t\t\t<div class=\"elementor-widget-container\">\n\t\t\t\t\t\t\t\t\t\t\t\t\t<img decoding=\"async\" width=\"1024\" height=\"148\" src=\"https:\/\/prolepsiuceni.cz\/2023\/wp-content\/uploads\/2024\/04\/EUMSMT-Barevne-1024x148.png\" class=\"attachment-large size-large wp-image-107\" alt=\"\" srcset=\"https:\/\/prolepsiuceni.cz\/2023\/wp-content\/uploads\/2024\/04\/EUMSMT-Barevne-1024x148.png 1024w, https:\/\/prolepsiuceni.cz\/2023\/wp-content\/uploads\/2024\/04\/EUMSMT-Barevne-300x43.png 300w, https:\/\/prolepsiuceni.cz\/2023\/wp-content\/uploads\/2024\/04\/EUMSMT-Barevne-768x111.png 768w, https:\/\/prolepsiuceni.cz\/2023\/wp-content\/uploads\/2024\/04\/EUMSMT-Barevne-1536x222.png 1536w, https:\/\/prolepsiuceni.cz\/2023\/wp-content\/uploads\/2024\/04\/EUMSMT-Barevne-2048x296.png 2048w, https:\/\/prolepsiuceni.cz\/2023\/wp-content\/uploads\/2024\/04\/EUMSMT-Barevne-e1712147691906.png 600w\" sizes=\"(max-width: 1024px) 100vw, 1024px\" \/>\t\t\t\t\t\t\t\t\t\t\t\t\t<\/div>\n\t\t\t\t<\/div>\n\t\t\t\t\t<\/div>\n\t\t\t\t<\/div>\n\t\t\t\t\t<\/div>\n\t\t\t\t<\/div>\n\t\t\t\t<\/div>\n\t\t","protected":false},"excerpt":{"rendered":"<p>Pro lep\u0161\u00ed U\u010den\u00ed 2023 &#8211; 2025 JSME MAP KARVIN\u00c1! Implementujeme novou vzd\u011bl\u00e1vac\u00ed strategii pro karvinsk\u00fd region. N\u00e1zev a registra\u010dn\u00ed \u010d\u00edslo projektu :\u00a0M\u00edstn\u00ed ak\u010dn\u00ed pl\u00e1n rozvoje vzd\u011bl\u00e1v\u00e1n\u00ed v ORP Karvin\u00e1 IV&#8220;,\u00a0reg. \u010d. CZ.02.02.XX\/00\/23_017\/0008339 Aktualita Na Karvinsku se op\u011bt &#8222;mapuje&#8220; Prvn\u00ed ud\u00e1lost\u00ed projektu bylo zased\u00e1n\u00ed \u0159\u00edd\u00edc\u00edho v\u00fdboru dne 29. 2. 2024, kter\u00fd je hlavn\u00edm schvalovac\u00edm org\u00e1nem. Tento&hellip;&nbsp;<a href=\"https:\/\/prolepsiuceni.cz\/2023\/\" class=\"\" rel=\"bookmark\">\u010c\u00edst d\u00e1le &raquo;<span class=\"screen-reader-text\">Homepage<\/span><\/a><\/p>\n","protected":false},"author":1,"featured_media":0,"parent":0,"menu_order":0,"comment_status":"closed","ping_status":"closed","template":"","meta":{"neve_meta_sidebar":"","neve_meta_container":"","neve_meta_enable_content_width":"","neve_meta_content_width":0,"neve_meta_title_alignment":"","neve_meta_author_avatar":"","neve_post_elements_order":"","neve_meta_disable_header":"","neve_meta_disable_footer":"","neve_meta_disable_title":"","footnotes":""},"_links":{"self":[{"href":"https:\/\/prolepsiuceni.cz\/2023\/index.php\/wp-json\/wp\/v2\/pages\/7"}],"collection":[{"href":"https:\/\/prolepsiuceni.cz\/2023\/index.php\/wp-json\/wp\/v2\/pages"}],"about":[{"href":"https:\/\/prolepsiuceni.cz\/2023\/index.php\/wp-json\/wp\/v2\/types\/page"}],"author":[{"embeddable":true,"href":"https:\/\/prolepsiuceni.cz\/2023\/index.php\/wp-json\/wp\/v2\/users\/1"}],"replies":[{"embeddable":true,"href":"https:\/\/prolepsiuceni.cz\/2023\/index.php\/wp-json\/wp\/v2\/comments?post=7"}],"version-history":[{"count":61,"href":"https:\/\/prolepsiuceni.cz\/2023\/index.php\/wp-json\/wp\/v2\/pages\/7\/revisions"}],"predecessor-version":[{"id":170,"href":"https:\/\/prolepsiuceni.cz\/2023\/index.php\/wp-json\/wp\/v2\/pages\/7\/revisions\/170"}],"wp:attachment":[{"href":"https:\/\/prolepsiuceni.cz\/2023\/index.php\/wp-json\/wp\/v2\/media?parent=7"}],"curies":[{"name":"wp","href":"https:\/\/api.w.org\/{rel}","templated":true}]}}