{"id":6,"date":"2022-05-11T11:17:10","date_gmt":"2022-05-11T11:17:10","guid":{"rendered":"https:\/\/prolepsiuceni.cz\/2022\/?page_id=6"},"modified":"2022-09-15T07:37:44","modified_gmt":"2022-09-15T07:37:44","slug":"homepage","status":"publish","type":"page","link":"https:\/\/prolepsiuceni.cz\/2022\/","title":{"rendered":"homepage"},"content":{"rendered":"\t\t<div data-elementor-type=\"wp-page\" data-elementor-id=\"6\" class=\"elementor elementor-6\">\n\t\t\t\t\t\t<section class=\"elementor-section elementor-top-section elementor-element elementor-element-ea99eb0 elementor-section-height-min-height elementor-section-boxed elementor-section-height-default elementor-section-items-middle\" data-id=\"ea99eb0\" data-element_type=\"section\" data-settings=\"{&quot;background_background&quot;:&quot;classic&quot;}\">\n\t\t\t\t\t\t\t<div class=\"elementor-background-overlay\"><\/div>\n\t\t\t\t\t\t\t<div class=\"elementor-container elementor-column-gap-default\">\n\t\t\t\t\t<div class=\"elementor-column elementor-col-100 elementor-top-column elementor-element elementor-element-de8eecd\" data-id=\"de8eecd\" data-element_type=\"column\" data-settings=\"{&quot;background_background&quot;:&quot;classic&quot;}\">\n\t\t\t<div class=\"elementor-widget-wrap elementor-element-populated\">\n\t\t\t\t\t\t<div class=\"elementor-element elementor-element-105f2a4 elementor-widget elementor-widget-heading\" data-id=\"105f2a4\" data-element_type=\"widget\" data-widget_type=\"heading.default\">\n\t\t\t\t<div class=\"elementor-widget-container\">\n\t\t\t<style>\/*! elementor - v3.20.0 - 13-03-2024 *\/\n.elementor-heading-title{padding:0;margin:0;line-height:1}.elementor-widget-heading .elementor-heading-title[class*=elementor-size-]>a{color:inherit;font-size:inherit;line-height:inherit}.elementor-widget-heading .elementor-heading-title.elementor-size-small{font-size:15px}.elementor-widget-heading .elementor-heading-title.elementor-size-medium{font-size:19px}.elementor-widget-heading .elementor-heading-title.elementor-size-large{font-size:29px}.elementor-widget-heading .elementor-heading-title.elementor-size-xl{font-size:39px}.elementor-widget-heading .elementor-heading-title.elementor-size-xxl{font-size:59px}<\/style><h1 class=\"elementor-heading-title elementor-size-large\">Pro lep\u0161\u00ed U\u010den\u00ed 2022 - 2023<\/h1>\t\t<\/div>\n\t\t\t\t<\/div>\n\t\t\t\t<div class=\"elementor-element elementor-element-adfbe6c elementor-widget-divider--view-line elementor-widget elementor-widget-divider\" data-id=\"adfbe6c\" data-element_type=\"widget\" data-widget_type=\"divider.default\">\n\t\t\t\t<div class=\"elementor-widget-container\">\n\t\t\t<style>\/*! elementor - v3.20.0 - 13-03-2024 *\/\n.elementor-widget-divider{--divider-border-style:none;--divider-border-width:1px;--divider-color:#0c0d0e;--divider-icon-size:20px;--divider-element-spacing:10px;--divider-pattern-height:24px;--divider-pattern-size:20px;--divider-pattern-url:none;--divider-pattern-repeat:repeat-x}.elementor-widget-divider .elementor-divider{display:flex}.elementor-widget-divider .elementor-divider__text{font-size:15px;line-height:1;max-width:95%}.elementor-widget-divider .elementor-divider__element{margin:0 var(--divider-element-spacing);flex-shrink:0}.elementor-widget-divider .elementor-icon{font-size:var(--divider-icon-size)}.elementor-widget-divider .elementor-divider-separator{display:flex;margin:0;direction:ltr}.elementor-widget-divider--view-line_icon .elementor-divider-separator,.elementor-widget-divider--view-line_text .elementor-divider-separator{align-items:center}.elementor-widget-divider--view-line_icon .elementor-divider-separator:after,.elementor-widget-divider--view-line_icon .elementor-divider-separator:before,.elementor-widget-divider--view-line_text .elementor-divider-separator:after,.elementor-widget-divider--view-line_text .elementor-divider-separator:before{display:block;content:\"\";border-block-end:0;flex-grow:1;border-block-start:var(--divider-border-width) var(--divider-border-style) var(--divider-color)}.elementor-widget-divider--element-align-left .elementor-divider .elementor-divider-separator>.elementor-divider__svg:first-of-type{flex-grow:0;flex-shrink:100}.elementor-widget-divider--element-align-left .elementor-divider-separator:before{content:none}.elementor-widget-divider--element-align-left .elementor-divider__element{margin-left:0}.elementor-widget-divider--element-align-right .elementor-divider .elementor-divider-separator>.elementor-divider__svg:last-of-type{flex-grow:0;flex-shrink:100}.elementor-widget-divider--element-align-right .elementor-divider-separator:after{content:none}.elementor-widget-divider--element-align-right .elementor-divider__element{margin-right:0}.elementor-widget-divider--element-align-start .elementor-divider .elementor-divider-separator>.elementor-divider__svg:first-of-type{flex-grow:0;flex-shrink:100}.elementor-widget-divider--element-align-start .elementor-divider-separator:before{content:none}.elementor-widget-divider--element-align-start .elementor-divider__element{margin-inline-start:0}.elementor-widget-divider--element-align-end .elementor-divider .elementor-divider-separator>.elementor-divider__svg:last-of-type{flex-grow:0;flex-shrink:100}.elementor-widget-divider--element-align-end .elementor-divider-separator:after{content:none}.elementor-widget-divider--element-align-end .elementor-divider__element{margin-inline-end:0}.elementor-widget-divider:not(.elementor-widget-divider--view-line_text):not(.elementor-widget-divider--view-line_icon) .elementor-divider-separator{border-block-start:var(--divider-border-width) var(--divider-border-style) var(--divider-color)}.elementor-widget-divider--separator-type-pattern{--divider-border-style:none}.elementor-widget-divider--separator-type-pattern.elementor-widget-divider--view-line .elementor-divider-separator,.elementor-widget-divider--separator-type-pattern:not(.elementor-widget-divider--view-line) .elementor-divider-separator:after,.elementor-widget-divider--separator-type-pattern:not(.elementor-widget-divider--view-line) .elementor-divider-separator:before,.elementor-widget-divider--separator-type-pattern:not([class*=elementor-widget-divider--view]) .elementor-divider-separator{width:100%;min-height:var(--divider-pattern-height);-webkit-mask-size:var(--divider-pattern-size) 100%;mask-size:var(--divider-pattern-size) 100%;-webkit-mask-repeat:var(--divider-pattern-repeat);mask-repeat:var(--divider-pattern-repeat);background-color:var(--divider-color);-webkit-mask-image:var(--divider-pattern-url);mask-image:var(--divider-pattern-url)}.elementor-widget-divider--no-spacing{--divider-pattern-size:auto}.elementor-widget-divider--bg-round{--divider-pattern-repeat:round}.rtl .elementor-widget-divider .elementor-divider__text{direction:rtl}.e-con-inner>.elementor-widget-divider,.e-con>.elementor-widget-divider{width:var(--container-widget-width,100%);--flex-grow:var(--container-widget-flex-grow)}<\/style>\t\t<div class=\"elementor-divider\">\n\t\t\t<span class=\"elementor-divider-separator\">\n\t\t\t\t\t\t<\/span>\n\t\t<\/div>\n\t\t\t\t<\/div>\n\t\t\t\t<\/div>\n\t\t\t\t<div class=\"elementor-element elementor-element-5c0d03c elementor-widget elementor-widget-heading\" data-id=\"5c0d03c\" data-element_type=\"widget\" data-widget_type=\"heading.default\">\n\t\t\t\t<div class=\"elementor-widget-container\">\n\t\t\t<h2 class=\"elementor-heading-title elementor-size-medium\">JSME MAP KARVIN\u00c1!<\/h2>\t\t<\/div>\n\t\t\t\t<\/div>\n\t\t\t\t<div class=\"elementor-element elementor-element-50c2d14 elementor-widget elementor-widget-heading\" data-id=\"50c2d14\" data-element_type=\"widget\" data-widget_type=\"heading.default\">\n\t\t\t\t<div class=\"elementor-widget-container\">\n\t\t\t<h3 class=\"elementor-heading-title elementor-size-medium\">Implementujeme novou vzd\u011bl\u00e1vac\u00ed strategii\npro karvinsk\u00fd region. <\/h3>\t\t<\/div>\n\t\t\t\t<\/div>\n\t\t\t\t\t<\/div>\n\t\t<\/div>\n\t\t\t\t\t<\/div>\n\t\t<\/section>\n\t\t\t\t<section class=\"elementor-section elementor-top-section elementor-element elementor-element-b7d9168 elementor-section-boxed elementor-section-height-default elementor-section-height-default\" data-id=\"b7d9168\" data-element_type=\"section\">\n\t\t\t\t\t\t<div class=\"elementor-container elementor-column-gap-default\">\n\t\t\t\t\t<div class=\"elementor-column elementor-col-100 elementor-top-column elementor-element elementor-element-89c0acd\" data-id=\"89c0acd\" data-element_type=\"column\">\n\t\t\t<div class=\"elementor-widget-wrap elementor-element-populated\">\n\t\t\t\t\t\t<div class=\"elementor-element elementor-element-3591d81 elementor-widget elementor-widget-text-editor\" data-id=\"3591d81\" data-element_type=\"widget\" data-widget_type=\"text-editor.default\">\n\t\t\t\t<div class=\"elementor-widget-container\">\n\t\t\t<style>\/*! elementor - v3.20.0 - 13-03-2024 *\/\n.elementor-widget-text-editor.elementor-drop-cap-view-stacked .elementor-drop-cap{background-color:#69727d;color:#fff}.elementor-widget-text-editor.elementor-drop-cap-view-framed .elementor-drop-cap{color:#69727d;border:3px solid;background-color:transparent}.elementor-widget-text-editor:not(.elementor-drop-cap-view-default) .elementor-drop-cap{margin-top:8px}.elementor-widget-text-editor:not(.elementor-drop-cap-view-default) .elementor-drop-cap-letter{width:1em;height:1em}.elementor-widget-text-editor .elementor-drop-cap{float:left;text-align:center;line-height:1;font-size:50px}.elementor-widget-text-editor .elementor-drop-cap-letter{display:inline-block}<\/style>\t\t\t\t<p><b>N\u00e1zev a registra\u010dn\u00ed \u010d\u00edslo projektu<\/b> : M\u00edstn\u00ed ak\u010dn\u00ed pl\u00e1n rozvoje vzd\u011bl\u00e1v\u00e1n\u00ed v ORP Karvin\u00e1 III<br \/>CZ.02.3.68\/0.0\/0.0\/20_082\/0022915<\/p>\t\t\t\t\t\t<\/div>\n\t\t\t\t<\/div>\n\t\t\t\t<div class=\"elementor-element elementor-element-75f0c59 elementor-widget elementor-widget-heading\" data-id=\"75f0c59\" data-element_type=\"widget\" id=\"udalosti\" data-widget_type=\"heading.default\">\n\t\t\t\t<div class=\"elementor-widget-container\">\n\t\t\t<h3 class=\"elementor-heading-title elementor-size-large\">Aktuality<\/h3>\t\t<\/div>\n\t\t\t\t<\/div>\n\t\t\t\t<div class=\"elementor-element elementor-element-f0d99d6 elementor-widget-divider--view-line elementor-widget elementor-widget-divider\" data-id=\"f0d99d6\" data-element_type=\"widget\" data-widget_type=\"divider.default\">\n\t\t\t\t<div class=\"elementor-widget-container\">\n\t\t\t\t\t<div class=\"elementor-divider\">\n\t\t\t<span class=\"elementor-divider-separator\">\n\t\t\t\t\t\t<\/span>\n\t\t<\/div>\n\t\t\t\t<\/div>\n\t\t\t\t<\/div>\n\t\t\t\t\t<\/div>\n\t\t<\/div>\n\t\t\t\t\t<\/div>\n\t\t<\/section>\n\t\t\t\t<section class=\"elementor-section elementor-top-section elementor-element elementor-element-a5eab10 elementor-section-boxed elementor-section-height-default elementor-section-height-default\" data-id=\"a5eab10\" data-element_type=\"section\">\n\t\t\t\t\t\t<div class=\"elementor-container elementor-column-gap-default\">\n\t\t\t\t\t<div class=\"elementor-column elementor-col-100 elementor-top-column elementor-element elementor-element-6556512\" data-id=\"6556512\" data-element_type=\"column\">\n\t\t\t<div class=\"elementor-widget-wrap elementor-element-populated\">\n\t\t\t\t\t\t<section class=\"elementor-section elementor-inner-section elementor-element elementor-element-266a5f9 elementor-section-boxed elementor-section-height-default elementor-section-height-default\" data-id=\"266a5f9\" data-element_type=\"section\">\n\t\t\t\t\t\t<div class=\"elementor-container elementor-column-gap-default\">\n\t\t\t\t\t<div class=\"elementor-column elementor-col-100 elementor-inner-column elementor-element elementor-element-5ccc893\" data-id=\"5ccc893\" data-element_type=\"column\">\n\t\t\t<div class=\"elementor-widget-wrap elementor-element-populated\">\n\t\t\t\t\t\t<div class=\"elementor-element elementor-element-f489f31 elementor-widget elementor-widget-image\" data-id=\"f489f31\" data-element_type=\"widget\" data-widget_type=\"image.default\">\n\t\t\t\t<div class=\"elementor-widget-container\">\n\t\t\t<style>\/*! elementor - v3.20.0 - 13-03-2024 *\/\n.elementor-widget-image{text-align:center}.elementor-widget-image a{display:inline-block}.elementor-widget-image a img[src$=\".svg\"]{width:48px}.elementor-widget-image img{vertical-align:middle;display:inline-block}<\/style>\t\t\t\t\t\t\t\t\t\t\t<a href=\"http:\/\/prolepsiuceni.cz\/2018\/detidetem\/\">\n\t\t\t\t\t\t\t<img fetchpriority=\"high\" decoding=\"async\" width=\"940\" height=\"788\" src=\"https:\/\/prolepsiuceni.cz\/2022\/wp-content\/uploads\/2022\/08\/Na\u0301vrh-bez-na\u0301zvu.jpg\" class=\"attachment-large size-large wp-image-87\" alt=\"\" srcset=\"https:\/\/prolepsiuceni.cz\/2022\/wp-content\/uploads\/2022\/08\/Na\u0301vrh-bez-na\u0301zvu.jpg 940w, https:\/\/prolepsiuceni.cz\/2022\/wp-content\/uploads\/2022\/08\/Na\u0301vrh-bez-na\u0301zvu-300x251.jpg 300w, https:\/\/prolepsiuceni.cz\/2022\/wp-content\/uploads\/2022\/08\/Na\u0301vrh-bez-na\u0301zvu-768x644.jpg 768w\" sizes=\"(max-width: 940px) 100vw, 940px\" \/>\t\t\t\t\t\t\t\t<\/a>\n\t\t\t\t\t\t\t\t\t\t\t\t\t<\/div>\n\t\t\t\t<\/div>\n\t\t\t\t<div class=\"elementor-element elementor-element-ef761a8 elementor-widget elementor-widget-heading\" data-id=\"ef761a8\" data-element_type=\"widget\" data-widget_type=\"heading.default\">\n\t\t\t\t<div class=\"elementor-widget-container\">\n\t\t\t<h2 class=\"elementor-heading-title elementor-size-default\">Podpora \u0161kolstv\u00ed a vzd\u011bl\u00e1v\u00e1n\u00ed na Karvinsku pokra\u010duje<\/h2>\t\t<\/div>\n\t\t\t\t<\/div>\n\t\t\t\t<div class=\"elementor-element elementor-element-79365ec elementor-widget elementor-widget-text-editor\" data-id=\"79365ec\" data-element_type=\"widget\" data-widget_type=\"text-editor.default\">\n\t\t\t\t<div class=\"elementor-widget-container\">\n\t\t\t\t\t\t\t<p>Dne 31.12.2021 byly ukon\u010deny aktivity projektu \u201eM\u00edstn\u00ed ak\u010dn\u00ed pl\u00e1n rozvoje vzd\u011bl\u00e1v\u00e1n\u00ed v ORP Karvin\u00e1 II\u201c, av\u0161ak Z\u0160 a M\u0160 v ORP Karvin\u00e9 plynule p\u0159ech\u00e1z\u00ed do projektu \u201eM\u00edstn\u00ed ak\u010dn\u00ed pl\u00e1n rozvoje vzd\u011bl\u00e1v\u00e1n\u00ed III\u201c (MAP III), jeho\u017e aktivity jsou tentokr\u00e1te sm\u011b\u0159ov\u00e1ny p\u0159edev\u0161\u00edm na u\u010ditel\u00e9 a rodi\u010de. V Karvin\u00e9 i nad\u00e1le bude v r\u00e1mci projektu p\u016fsobit 8 pracovn\u00edch skupin, kter\u00e9 u\u017e maj\u00ed schv\u00e1leny ak\u010dn\u00ed pl\u00e1ny na rok 2022. V sestavov\u00e1n\u00ed ak\u010dn\u00edch pl\u00e1n\u016f se pracovn\u00ed skupiny zam\u011b\u0159ily na aktivity ur\u010den\u00e9 na vzd\u011bl\u00e1v\u00e1n\u00ed u\u010ditel\u016f v jednotliv\u00fdch podporovan\u00fdch oblastech, kter\u00fdmi jsou \u010dten\u00e1\u0159stv\u00ed, matematick\u00e1 gramotnost, polytechnika a digitalizace, rovn\u00e9 p\u0159\u00edle\u017eitosti, ob\u010dansk\u00e9 dovednosti, financov\u00e1n\u00ed \u0161kolstv\u00ed, p\u0159ed\u0161koln\u00ed vzd\u011bl\u00e1v\u00e1n\u00ed a kari\u00e9rov\u00e9 poradenstv\u00ed. V\u0161echny pracovn\u00ed skupiny p\u0159ipravily i aktivity zam\u011b\u0159en\u00e9 na rodi\u010de. Jedn\u00e1 se p\u0159edev\u0161\u00edm o diskusn\u00ed a metodick\u00e1 setk\u00e1n\u00ed slou\u017e\u00edc\u00ed ke zmapov\u00e1n\u00ed pot\u0159eb v \u00fazem\u00ed a k v\u00fdm\u011bn\u011b a sd\u00edlen\u00ed zku\u0161enost\u00ed<\/p><div>\u00a0<\/div>\t\t\t\t\t\t<\/div>\n\t\t\t\t<\/div>\n\t\t\t\t\t<\/div>\n\t\t<\/div>\n\t\t\t\t\t<\/div>\n\t\t<\/section>\n\t\t\t\t\t<\/div>\n\t\t<\/div>\n\t\t\t\t\t<\/div>\n\t\t<\/section>\n\t\t\t\t<\/div>\n\t\t","protected":false},"excerpt":{"rendered":"<p>Pro lep\u0161\u00ed U\u010den\u00ed 2022 &#8211; 2023 JSME MAP KARVIN\u00c1! Implementujeme novou vzd\u011bl\u00e1vac\u00ed strategii pro karvinsk\u00fd region. N\u00e1zev a registra\u010dn\u00ed \u010d\u00edslo projektu : M\u00edstn\u00ed ak\u010dn\u00ed pl\u00e1n rozvoje vzd\u011bl\u00e1v\u00e1n\u00ed v ORP Karvin\u00e1 IIICZ.02.3.68\/0.0\/0.0\/20_082\/0022915 Aktuality Podpora \u0161kolstv\u00ed a vzd\u011bl\u00e1v\u00e1n\u00ed na Karvinsku pokra\u010duje Dne 31.12.2021 byly ukon\u010deny aktivity projektu \u201eM\u00edstn\u00ed ak\u010dn\u00ed pl\u00e1n rozvoje vzd\u011bl\u00e1v\u00e1n\u00ed v ORP Karvin\u00e1 II\u201c, av\u0161ak&hellip;&nbsp;<a href=\"https:\/\/prolepsiuceni.cz\/2022\/\" class=\"\" rel=\"bookmark\">Read More &raquo;<span class=\"screen-reader-text\">homepage<\/span><\/a><\/p>\n","protected":false},"author":1,"featured_media":0,"parent":0,"menu_order":0,"comment_status":"closed","ping_status":"closed","template":"page-templates\/template-pagebuilder-full-width.php","meta":{"neve_meta_sidebar":"","neve_meta_container":"","neve_meta_enable_content_width":"","neve_meta_content_width":0,"neve_meta_title_alignment":"","neve_meta_author_avatar":"","neve_post_elements_order":"","neve_meta_disable_header":"","neve_meta_disable_footer":"","neve_meta_disable_title":"","footnotes":""},"class_list":["post-6","page","type-page","status-publish","hentry"],"_links":{"self":[{"href":"https:\/\/prolepsiuceni.cz\/2022\/index.php?rest_route=\/wp\/v2\/pages\/6"}],"collection":[{"href":"https:\/\/prolepsiuceni.cz\/2022\/index.php?rest_route=\/wp\/v2\/pages"}],"about":[{"href":"https:\/\/prolepsiuceni.cz\/2022\/index.php?rest_route=\/wp\/v2\/types\/page"}],"author":[{"embeddable":true,"href":"https:\/\/prolepsiuceni.cz\/2022\/index.php?rest_route=\/wp\/v2\/users\/1"}],"replies":[{"embeddable":true,"href":"https:\/\/prolepsiuceni.cz\/2022\/index.php?rest_route=%2Fwp%2Fv2%2Fcomments&post=6"}],"version-history":[{"count":34,"href":"https:\/\/prolepsiuceni.cz\/2022\/index.php?rest_route=\/wp\/v2\/pages\/6\/revisions"}],"predecessor-version":[{"id":159,"href":"https:\/\/prolepsiuceni.cz\/2022\/index.php?rest_route=\/wp\/v2\/pages\/6\/revisions\/159"}],"wp:attachment":[{"href":"https:\/\/prolepsiuceni.cz\/2022\/index.php?rest_route=%2Fwp%2Fv2%2Fmedia&parent=6"}],"curies":[{"name":"wp","href":"https:\/\/api.w.org\/{rel}","templated":true}]}}