{"id":22,"date":"2022-05-12T07:25:35","date_gmt":"2022-05-12T07:25:35","guid":{"rendered":"https:\/\/prolepsiuceni.cz\/2022\/?page_id=22"},"modified":"2022-08-24T14:32:42","modified_gmt":"2022-08-24T14:32:42","slug":"o-projektu","status":"publish","type":"page","link":"https:\/\/prolepsiuceni.cz\/2022\/?page_id=22","title":{"rendered":"O projektu"},"content":{"rendered":"\t\t<div data-elementor-type=\"wp-page\" data-elementor-id=\"22\" class=\"elementor elementor-22\">\n\t\t\t\t\t\t<section class=\"elementor-section elementor-top-section elementor-element elementor-element-9f08e19 elementor-section-boxed elementor-section-height-default elementor-section-height-default\" data-id=\"9f08e19\" data-element_type=\"section\">\n\t\t\t\t\t\t<div class=\"elementor-container elementor-column-gap-default\">\n\t\t\t\t\t<div class=\"elementor-column elementor-col-100 elementor-top-column elementor-element elementor-element-50c552c\" data-id=\"50c552c\" data-element_type=\"column\">\n\t\t\t<div class=\"elementor-widget-wrap elementor-element-populated\">\n\t\t\t\t\t\t<div class=\"elementor-element elementor-element-941060b elementor-widget elementor-widget-text-editor\" data-id=\"941060b\" data-element_type=\"widget\" data-widget_type=\"text-editor.default\">\n\t\t\t\t<div class=\"elementor-widget-container\">\n\t\t\t<style>\/*! elementor - v3.20.0 - 13-03-2024 *\/\n.elementor-widget-text-editor.elementor-drop-cap-view-stacked .elementor-drop-cap{background-color:#69727d;color:#fff}.elementor-widget-text-editor.elementor-drop-cap-view-framed .elementor-drop-cap{color:#69727d;border:3px solid;background-color:transparent}.elementor-widget-text-editor:not(.elementor-drop-cap-view-default) .elementor-drop-cap{margin-top:8px}.elementor-widget-text-editor:not(.elementor-drop-cap-view-default) .elementor-drop-cap-letter{width:1em;height:1em}.elementor-widget-text-editor .elementor-drop-cap{float:left;text-align:center;line-height:1;font-size:50px}.elementor-widget-text-editor .elementor-drop-cap-letter{display:inline-block}<\/style>\t\t\t\t<p><strong>N\u00e1zev opera\u010dn\u00edho programu<\/strong><\/p><p>Opera\u010dn\u00ed program V\u00fdzkum, v\u00fdvoj a vzd\u011bl\u00e1v\u00e1n\u00ed<\/p><p><strong>N\u00e1zev prioritn\u00ed osy<\/strong><\/p><p>Rovn\u00fd p\u0159\u00edstup ke kvalitn\u00edmu p\u0159ed\u0161koln\u00edmu, prim\u00e1rn\u00edmu a sekund\u00e1rn\u00edmu vzd\u011bl\u00e1v\u00e1n\u00ed<\/p><p><strong>Realiz\u00e1tor projektu<\/strong><\/p><p>Statut\u00e1rn\u00ed m\u011bsto Karvin\u00e1<\/p><p>Realizov\u00e1no v \u00fazem\u00ed ORP Karvin\u00e1 (tj. ve spolupr\u00e1ci s obcemi D\u011btmarovice, Stonava a Petrovice u Karvin\u00e9).<\/p><p><strong>D\u00e9lka trv\u00e1n\u00ed projektu<\/strong><\/p><ol><li>1. 2022 \u2013 30. 11. 2023<\/li><\/ol><p><strong>P\u0159edpokl\u00e1dan\u00e9 n\u00e1klady projektu<\/strong><\/p><p>2 689 616,16 K\u010d<\/p><p><strong>Financov\u00e1n\u00ed<\/strong><\/p><p>Projekt je financov\u00e1n z Evropsk\u00fdch struktur\u00e1ln\u00edch a investi\u010dn\u00edch fond\u016f a ze st\u00e1tn\u00edho rozpo\u010dtu \u010cR.<\/p><p><strong>M\u00edstn\u00ed ak\u010dn\u00ed pl\u00e1n (MAP)<\/strong><\/p><p>Projekt podporuje spole\u010dn\u00e9 pl\u00e1nov\u00e1n\u00ed a sd\u00edlen\u00ed aktivit na cel\u00e9m \u00fazem\u00ed ORP Karvin\u00e1 (4 obce, 35 IZO) za \u00fa\u010delem zlep\u0161en\u00ed kvality m\u00edstn\u00edho vzd\u011bl\u00e1v\u00e1n\u00ed ve \u0161kol\u00e1ch, ale i u neform\u00e1ln\u00edch vzd\u011blavatel\u016f. Projekt navazuje na MAP I a II a umo\u017e\u0148uje pokra\u010dovat v rozvoji a aktualizaci m\u00edstn\u00edho ak\u010dn\u00edho pl\u00e1nov\u00e1n\u00ed, monitorovan\u00ed a vyhodnocov\u00e1n\u00ed MAP. Na\u0161\u00edm c\u00edlem je tak\u00e9 podpo\u0159it v\u011bt\u0161\u00ed zapojen\u00ed rodi\u010d\u016f do \u017eivota \u0161kol, umo\u017enit spolupr\u00e1ci a v\u00fdm\u011bnu zku\u0161enost\u00ed akt\u00e9r\u016f ve vzd\u011bl\u00e1v\u00e1n\u00ed, p\u0159edev\u0161\u00edm u pedagog\u016f a z\u0159izovatel\u016f.<\/p><p>\u00a0<\/p><p><strong>C\u00edlov\u00e9 skupiny<\/strong><\/p><p>C\u00edlov\u00fdmi skupinami projektu jsou:<\/p><ol><li>Rodi\u010de a z\u00e1konn\u00ed z\u00e1stupci<\/li><li>\u0158editel\u00e9 a u\u010ditel\u00e9<\/li><li>Z\u0159izovatel\u00e9<\/li><li>V\u0161ichni akt\u00e9\u0159i vzd\u011bl\u00e1v\u00e1n\u00ed v \u00fazem\u00ed<\/li><\/ol><p><strong>C\u00edle projektu<\/strong><\/p><p>C\u00edlem projektu je podpora spole\u010dn\u00e9ho pl\u00e1nov\u00e1n\u00ed v \u00fazem\u00ed vedouc\u00ed ke zlep\u0161en\u00ed kvality vzd\u011bl\u00e1v\u00e1n\u00ed v M\u0160 a Z\u0160. Projekt zajist\u00ed pokra\u010dov\u00e1n\u00ed a nep\u0159eru\u0161en\u00ed nastaven\u00e9 spolupr\u00e1ce z\u0159izovatel\u016f, \u0161kol a ostatn\u00edch akt\u00e9r\u016f ve vzd\u011bl\u00e1v\u00e1n\u00ed, podpo\u0159\u00ed jejich dal\u0161\u00ed vz\u00e1jemn\u00e9 informov\u00e1n\u00ed a pl\u00e1nov\u00e1n\u00ed aktivit pro \u0159e\u0161en\u00ed m\u00edstn\u011b specifick\u00fdch probl\u00e9m\u016f a pot\u0159eb. Prim\u00e1rn\u00edm c\u00edlem je podpo\u0159it ji\u017e funguj\u00edc\u00ed realiza\u010dn\u00ed t\u00fdm v p\u0159echodn\u00e9m obdob\u00ed, ne\u017e bude zah\u00e1jena realizace Opera\u010dn\u00edho programu Jan Amos Komensk\u00fd (OP JAK) p\u0159ipravovan\u00e9ho pro programov\u00e9 obdob\u00ed 2021-2027. V r\u00e1mci projektu bude tak\u00e9 podpo\u0159eno vyhodnocov\u00e1n\u00ed p\u0159\u00ednos\u016f vz\u00e1jemn\u00e9 spolupr\u00e1ce partner\u016f, a to jak v r\u00e1mci prob\u00edhaj\u00edc\u00edho projektu, tak i v r\u00e1mci cel\u00e9ho procesu m\u00edstn\u00edho ak\u010dn\u00edho pl\u00e1nov\u00e1n\u00ed ve vzd\u011bl\u00e1v\u00e1n\u00ed, kter\u00e9 v dan\u00e9m \u00fazem\u00ed v programov\u00e9m obdob\u00ed 2014-2020 prob\u00edhalo. Pl\u00e1nov\u00e1n\u00ed spole\u010dn\u00fdch nebo sd\u00edlen\u00fdch aktivit v \u00fazem\u00ed bude p\u0159isp\u00edvat k napln\u011bn\u00ed Dlouhodob\u00e9ho z\u00e1m\u011bru vzd\u011bl\u00e1v\u00e1n\u00ed a rozvoje vzd\u011bl\u00e1vac\u00ed soustavy kraje, ve kter\u00e9m se nach\u00e1z\u00ed MAP, nav\u00e1zan\u00e9ho na Dlouhodob\u00fd z\u00e1m\u011br vzd\u011bl\u00e1v\u00e1n\u00ed a rozvoje vzd\u011bl\u00e1vac\u00ed soustavy \u010cR.<\/p><p>Projekt MAP III v ORP Karvin\u00e1 navazuje na dosa\u017een\u00e9 c\u00edle m\u00edstn\u00edch ak\u010dn\u00edch pl\u00e1n\u016f I a II a obsahuje aktivity, kter\u00e9 \u0161koly povedou bl\u00ed\u017ee k napln\u011bn\u00ed vize jejich rozvoje. To znamen\u00e1 posun ke konkr\u00e9tn\u00edm c\u00edl\u016fm, kter\u00e9 pomohou \u0161kol\u00e1m rozv\u00edjet jejich vnit\u0159n\u00ed potenci\u00e1l a spolupr\u00e1ci.<\/p><p>D\u00edl\u010d\u00ed c\u00edle projektu:<\/p><ol><li>Syst\u00e9mov\u00e9 zlep\u0161en\u00ed \u0159\u00edzen\u00ed \u0161kol prost\u0159ednictv\u00edm za\u010dle\u0148ov\u00e1n\u00ed dlouhodob\u00e9ho ak\u010dn\u00edho pl\u00e1nov\u00e1n\u00ed jako n\u00e1stroje ke kvalitn\u00edmu \u0159\u00edzen\u00ed \u0161kol.<\/li><li>Sd\u00edlen\u00e9 porozum\u011bn\u00ed c\u00edli: orientace na kvalitn\u00ed inkluzivn\u00ed vzd\u011bl\u00e1v\u00e1n\u00ed.<\/li><li>Zav\u00e1d\u011bn\u00ed \u0159e\u0161en\u00ed pro sni\u017eov\u00e1n\u00ed nerovnost\u00ed ve vzd\u011bl\u00e1v\u00e1n\u00ed uvnit\u0159 \u0161kol a v \u00fazem\u00ed &#8211; dostupnost kvalitn\u00edho vzd\u011bl\u00e1v\u00e1n\u00ed pro ka\u017ed\u00e9 d\u00edt\u011b \/ ka\u017ed\u00e9ho \u017e\u00e1ka v inkluzivn\u00ed \u0161kole.<\/li><li>Zlep\u0161en\u00ed spolupr\u00e1ce s rodi\u010di, z\u0159izovateli a ve\u0159ejnost\u00ed, zlep\u0161en\u00ed spolupr\u00e1ce v \u00fazem\u00ed a vyu\u017e\u00edv\u00e1n\u00ed m\u00edstn\u00edch finan\u010dn\u00edch zdroj\u016f pro rozvoj vzd\u011bl\u00e1v\u00e1n\u00ed d\u011bt\u00ed a \u017e\u00e1k\u016f.<\/li><\/ol><p><strong>Kl\u00ed\u010dov\u00e9 aktivity projektu<\/strong><\/p><p><u>Aktivita \u0158\u00edzen\u00ed projektu<\/u><\/p><p>&#8211; zaji\u0161t\u011bn\u00ed kvalitn\u00edho \u0159\u00edzen\u00ed projektu prost\u0159ednictv\u00edm vhodn\u011b zvolen\u00e9ho a obsazen\u00e9ho RT<\/p><p>&#8211; odborn\u00e1 a administrativn\u00ed podpora procesu m\u00edstn\u00edho ak\u010dn\u00edho pl\u00e1nov\u00e1n\u00ed<\/p><p><u>Aktivita A M\u00edstn\u00ed ak\u010dn\u00ed pl\u00e1ny rozvoje vzd\u011bl\u00e1v\u00e1n\u00ed III<\/u><\/p><p>A1 Rozvoj a aktualizace MAP<\/p><p>V t\u00e9to aktivit\u011b bude realizov\u00e1n a prohlubov\u00e1n proces spole\u010dn\u00e9ho m\u00edstn\u00edho ak\u010dn\u00edho pl\u00e1nov\u00e1n\u00ed, bude podpo\u0159eno udr\u017een\u00ed partnerstv\u00ed v \u00fazem\u00ed a t\u00edm rozv\u00edjen samotn\u00fd MAP, dojde k aktualizaci dokumentace MAP a zpracov\u00e1n\u00ed ak\u010dn\u00edch pl\u00e1n\u016f. Bude rozv\u00edjena spolupr\u00e1ce s ostatn\u00edmi projekty OP VVV.<\/p><p>A 1.1 \u0158\u00edzen\u00ed procesu rozvoje a aktualizace MAP<\/p><p>A 1.2 Zpracov\u00e1n\u00ed komunika\u010dn\u00edho pl\u00e1nu, zpracov\u00e1n\u00ed a realizace konzulta\u010dn\u00edho procesu jako sou\u010d\u00e1sti komunika\u010dn\u00edho pl\u00e1nu<\/p><p>A 1.3 Pracovn\u00ed skupina pro financov\u00e1n\u00ed<\/p><p>A 1.4 Pracovn\u00ed skupiny pro rozvoj \u010dten\u00e1\u0159sk\u00e9 a matematick\u00e9 gramotnosti a rozvoj potenci\u00e1lu ka\u017ed\u00e9ho \u017e\u00e1ka<\/p><p>A 1.5 Pracovn\u00ed skupina pro rovn\u00e9 p\u0159\u00edle\u017eitosti<\/p><p>A 1.6 Pracovn\u00ed skupiny pro dal\u0161\u00ed t\u00e9mata (4 voliteln\u00e9 PS)<\/p><p>A 1.7 Podpora \u0161kol v pl\u00e1nov\u00e1n\u00ed<\/p><p>A 1.8 M\u00edstn\u00ed ak\u010dn\u00ed pl\u00e1nov\u00e1n\u00ed<\/p><p>A 1.9 Spolupr\u00e1ce s KAP<\/p><p>A 1.10 Spolupr\u00e1ce s projektem poskytuj\u00edc\u00edm metodickou podporu ak\u010dn\u00edmu pl\u00e1nov\u00e1n\u00ed v \u00fazem\u00ed<\/p><p>A 1.11 Spolupr\u00e1ce s ostatn\u00edmi projekty IPs, IPo koncep\u010dn\u00edmi<\/p><p><u>A 2 Evaluace procesu m\u00edstn\u00edho ak\u010dn\u00edho pl\u00e1nov\u00e1n\u00ed<\/u><\/p><p>C\u00edlem je vyhodnocen\u00ed cel\u00e9ho procesu m\u00edstn\u00edho ak\u010dn\u00edho pl\u00e1nov\u00e1n\u00ed ve vzd\u011bl\u00e1v\u00e1n\u00ed, kter\u00fd v dan\u00e9m \u00fazem\u00ed prob\u00edhal v programov\u00e9m obdob\u00ed 2014-2020. Konkr\u00e9tn\u011b se jedn\u00e1 o vyhodnocen\u00ed proces\u016f partnerstv\u00ed, \u00fa\u010dinnosti p\u0159\u00ednos\u016f a dopad\u016f dosavadn\u00edch aktivit na podporu rozvoje partnerstv\u00ed a rozvoje kapacit na \u00fazem\u00ed, pro kter\u00e9 byl MAP zpracov\u00e1n, tzn. na to, co se poda\u0159ilo dos\u00e1hnout v dan\u00e9m obdob\u00ed (tj. realizac\u00ed projekt\u016f MAP I, MAP II, MAP III).\u00a0<\/p><p>\u00a0<\/p>\t\t\t\t\t\t<\/div>\n\t\t\t\t<\/div>\n\t\t\t\t\t<\/div>\n\t\t<\/div>\n\t\t\t\t\t<\/div>\n\t\t<\/section>\n\t\t\t\t<\/div>\n\t\t","protected":false},"excerpt":{"rendered":"<p>N\u00e1zev opera\u010dn\u00edho programu Opera\u010dn\u00ed program V\u00fdzkum, v\u00fdvoj a vzd\u011bl\u00e1v\u00e1n\u00ed N\u00e1zev prioritn\u00ed osy Rovn\u00fd p\u0159\u00edstup ke kvalitn\u00edmu p\u0159ed\u0161koln\u00edmu, prim\u00e1rn\u00edmu a sekund\u00e1rn\u00edmu vzd\u011bl\u00e1v\u00e1n\u00ed Realiz\u00e1tor projektu Statut\u00e1rn\u00ed m\u011bsto Karvin\u00e1 Realizov\u00e1no v \u00fazem\u00ed ORP Karvin\u00e1 (tj. ve spolupr\u00e1ci s obcemi D\u011btmarovice, Stonava a Petrovice u Karvin\u00e9). D\u00e9lka trv\u00e1n\u00ed projektu 1. 2022 \u2013 30. 11. 2023 P\u0159edpokl\u00e1dan\u00e9 n\u00e1klady projektu 2&hellip;&nbsp;<a href=\"https:\/\/prolepsiuceni.cz\/2022\/?page_id=22\" class=\"\" rel=\"bookmark\">Read More &raquo;<span class=\"screen-reader-text\">O projektu<\/span><\/a><\/p>\n","protected":false},"author":1,"featured_media":0,"parent":0,"menu_order":0,"comment_status":"closed","ping_status":"closed","template":"page-templates\/template-pagebuilder-full-width.php","meta":{"neve_meta_sidebar":"","neve_meta_container":"","neve_meta_enable_content_width":"","neve_meta_content_width":0,"neve_meta_title_alignment":"","neve_meta_author_avatar":"","neve_post_elements_order":"","neve_meta_disable_header":"","neve_meta_disable_footer":"","neve_meta_disable_title":"","footnotes":""},"class_list":["post-22","page","type-page","status-publish","hentry"],"_links":{"self":[{"href":"https:\/\/prolepsiuceni.cz\/2022\/index.php?rest_route=\/wp\/v2\/pages\/22"}],"collection":[{"href":"https:\/\/prolepsiuceni.cz\/2022\/index.php?rest_route=\/wp\/v2\/pages"}],"about":[{"href":"https:\/\/prolepsiuceni.cz\/2022\/index.php?rest_route=\/wp\/v2\/types\/page"}],"author":[{"embeddable":true,"href":"https:\/\/prolepsiuceni.cz\/2022\/index.php?rest_route=\/wp\/v2\/users\/1"}],"replies":[{"embeddable":true,"href":"https:\/\/prolepsiuceni.cz\/2022\/index.php?rest_route=%2Fwp%2Fv2%2Fcomments&post=22"}],"version-history":[{"count":10,"href":"https:\/\/prolepsiuceni.cz\/2022\/index.php?rest_route=\/wp\/v2\/pages\/22\/revisions"}],"predecessor-version":[{"id":96,"href":"https:\/\/prolepsiuceni.cz\/2022\/index.php?rest_route=\/wp\/v2\/pages\/22\/revisions\/96"}],"wp:attachment":[{"href":"https:\/\/prolepsiuceni.cz\/2022\/index.php?rest_route=%2Fwp%2Fv2%2Fmedia&parent=22"}],"curies":[{"name":"wp","href":"https:\/\/api.w.org\/{rel}","templated":true}]}}